{"id":6,"date":"2018-07-06T09:38:50","date_gmt":"2018-07-06T09:38:50","guid":{"rendered":"https:\/\/www.radiustheme.com\/demo\/wordpress\/themes\/classima\/listing-form\/"},"modified":"2024-09-02T13:00:54","modified_gmt":"2024-09-02T13:00:54","slug":"post-an-ad","status":"publish","type":"page","link":"https:\/\/husamus.is\/en\/post-an-ad\/","title":{"rendered":"New nugget"},"content":{"rendered":"<div class=\"rtcl\"><div class=\"rtcl rtcl-login-form-wrap\" >\n\n\t\t<form class=\"rtcl-form rtcl-login-form\" method=\"post\" action=\"\">\n\n\t\t\n\t\t\n\t\t<div class=\"form-group\">\n\t\t\t<label for=\"rtcl-user-login\" class=\"control-label\">Username or E-mail<\/label>\n\t\t\t<input type=\"text\" name=\"username\" autocomplete=\"username\"\n\t\t\t\t   value=\"\"\n\t\t\t\t   id=\"rtcl-user-login\" class=\"form-control\" required>\n\t\t<\/div>\n\n\t\t<div class=\"form-group\">\n\t\t\t<label for=\"rtcl-user-pass\" class=\"control-label\">\n\t\t\t\tPassword\t\t\t<\/label>\n\t\t\t<input type=\"password\" name=\"password\" id=\"rtcl-user-pass\" autocomplete=\"current-password\"\n\t\t\t\t   class=\"form-control\" required>\n\t\t<\/div>\n\n\t\t\n\t\t<div class=\"form-group\">\n\t\t\t<div id=\"rtcl-login-g-recaptcha\" class=\"mb-2\"><\/div>\n\t\t\t<div id=\"rtcl-login-g-recaptcha-message\"><\/div>\n\t\t<\/div>\n\n\t\t<div class=\"form-group d-flex align-items-center\">\n\t\t\t<button type=\"submit\" name=\"rtcl-login\" class=\"btn btn-primary\" value=\"login\">\n\t\t\t\tLogin\t\t\t<\/button>\n\t\t\t<div class=\"form-check\">\n\t\t\t\t<input type=\"checkbox\" name=\"rememberme\" id=\"rtcl-rememberme\" value=\"forever\">\n\t\t\t\t<label class=\"form-check-label\" for=\"rtcl-rememberme\">\n\t\t\t\t\tRemember Me\t\t\t\t<\/label>\n\t\t\t<\/div>\n\t\t<\/div>\n\n\t\t<div class=\"form-group\">\n\t\t\t<p class=\"rtcl-forgot-password\">\n\t\t\t\t\t\t\t\t\t<a href=\"https:\/\/husamus.is\/en\/my-account\/registration\/\">Register<\/a><span>|<\/span>\n\t\t\t\t\t\t\t\t<a href=\"https:\/\/husamus.is\/en\/my-account\/lost-password\/\">Forgot your password?<\/a>\n\n\t\t\t<\/p>\n\t\t<\/div>\n\t\t<input type=\"hidden\" id=\"rtcl-login-nonce\" name=\"rtcl-login-nonce\" value=\"870c0b936e\" \/><input type=\"hidden\" name=\"_wp_http_referer\" value=\"\/en\/wp-json\/wp\/v2\/pages\/6\" \/><input type=\"hidden\" name=\"redirect_to\" value=\"https:\/\/husamus.is\/en\/wp-json\/wp\/v2\/pages\/6\" \/>\n\t<input type=\"hidden\" name=\"trp-form-language\" value=\"en\"\/><\/form>\n<\/div>\n<\/div>","protected":false},"excerpt":{"rendered":"","protected":false},"author":1,"featured_media":0,"parent":0,"menu_order":0,"comment_status":"closed","ping_status":"closed","template":"","meta":{"_rtcl_gb_attr":"","inline_featured_image":false,"footnotes":""},"class_list":["post-6","page","type-page","status-publish","hentry"],"yoast_head":"<!-- This site is optimized with the Yoast SEO plugin v23.9 - https:\/\/yoast.com\/wordpress\/plugins\/seo\/ -->\n<title>N\u00fdr moli - H\u00fasam\u00fas<\/title>\n<meta name=\"robots\" content=\"index, follow, max-snippet:-1, max-image-preview:large, max-video-preview:-1\" \/>\n<link rel=\"canonical\" href=\"https:\/\/husamus.is\/en\/post-an-ad\/\" \/>\n<meta property=\"og:locale\" content=\"en_US\" \/>\n<meta property=\"og:type\" content=\"article\" \/>\n<meta property=\"og:title\" content=\"N\u00fdr moli - H\u00fasam\u00fas\" \/>\n<meta property=\"og:url\" content=\"https:\/\/husamus.is\/en\/post-an-ad\/\" \/>\n<meta property=\"og:site_name\" content=\"H\u00fasam\u00fas\" \/>\n<meta property=\"article:publisher\" content=\"https:\/\/www.facebook.com\/profile.php?id=61565837276284\" \/>\n<meta property=\"article:modified_time\" content=\"2024-09-02T13:00:54+00:00\" \/>\n<meta property=\"og:image\" content=\"https:\/\/husamus.is\/wp-content\/uploads\/2024\/09\/husamus-banner.png\" \/>\n\t<meta property=\"og:image:width\" content=\"3600\" \/>\n\t<meta property=\"og:image:height\" content=\"1884\" \/>\n\t<meta property=\"og:image:type\" content=\"image\/png\" \/>\n<meta name=\"twitter:card\" content=\"summary_large_image\" \/>\n<script type=\"application\/ld+json\" class=\"yoast-schema-graph\">{\"@context\":\"https:\/\/schema.org\",\"@graph\":[{\"@type\":\"WebPage\",\"@id\":\"https:\/\/husamus.is\/post-an-ad\/\",\"url\":\"https:\/\/husamus.is\/post-an-ad\/\",\"name\":\"N\u00fdr moli - H\u00fasam\u00fas\",\"isPartOf\":{\"@id\":\"https:\/\/husamus.is\/#website\"},\"datePublished\":\"2018-07-06T09:38:50+00:00\",\"dateModified\":\"2024-09-02T13:00:54+00:00\",\"breadcrumb\":{\"@id\":\"https:\/\/husamus.is\/post-an-ad\/#breadcrumb\"},\"inLanguage\":\"en-US\",\"potentialAction\":[{\"@type\":\"ReadAction\",\"target\":[\"https:\/\/husamus.is\/post-an-ad\/\"]}]},{\"@type\":\"BreadcrumbList\",\"@id\":\"https:\/\/husamus.is\/post-an-ad\/#breadcrumb\",\"itemListElement\":[{\"@type\":\"ListItem\",\"position\":1,\"name\":\"Home\",\"item\":\"https:\/\/husamus.is\/\"},{\"@type\":\"ListItem\",\"position\":2,\"name\":\"N\u00fdr moli\"}]},{\"@type\":\"WebSite\",\"@id\":\"https:\/\/husamus.is\/#website\",\"url\":\"https:\/\/husamus.is\/\",\"name\":\"H\u00fasam\u00fas\",\"description\":\"Allt \u00e1 einum sta\u00f0\",\"publisher\":{\"@id\":\"https:\/\/husamus.is\/#organization\"},\"potentialAction\":[{\"@type\":\"SearchAction\",\"target\":{\"@type\":\"EntryPoint\",\"urlTemplate\":\"https:\/\/husamus.is\/?s={search_term_string}\"},\"query-input\":{\"@type\":\"PropertyValueSpecification\",\"valueRequired\":true,\"valueName\":\"search_term_string\"}}],\"inLanguage\":\"en-US\"},{\"@type\":\"Organization\",\"@id\":\"https:\/\/husamus.is\/#organization\",\"name\":\"H\u00fasam\u00fas\",\"url\":\"https:\/\/husamus.is\/\",\"logo\":{\"@type\":\"ImageObject\",\"inLanguage\":\"en-US\",\"@id\":\"https:\/\/husamus.is\/#\/schema\/logo\/image\/\",\"url\":\"https:\/\/husamus.is\/wp-content\/uploads\/2024\/09\/husamus_red_icon.png\",\"contentUrl\":\"https:\/\/husamus.is\/wp-content\/uploads\/2024\/09\/husamus_red_icon.png\",\"width\":1188,\"height\":1188,\"caption\":\"H\u00fasam\u00fas\"},\"image\":{\"@id\":\"https:\/\/husamus.is\/#\/schema\/logo\/image\/\"},\"sameAs\":[\"https:\/\/www.facebook.com\/profile.php?id=61565837276284\"]}]}<\/script>\n<!-- \/ Yoast SEO plugin. -->","yoast_head_json":{"title":"N\u00fdr moli - H\u00fasam\u00fas","robots":{"index":"index","follow":"follow","max-snippet":"max-snippet:-1","max-image-preview":"max-image-preview:large","max-video-preview":"max-video-preview:-1"},"canonical":"https:\/\/husamus.is\/en\/post-an-ad\/","og_locale":"en_US","og_type":"article","og_title":"N\u00fdr moli - H\u00fasam\u00fas","og_url":"https:\/\/husamus.is\/en\/post-an-ad\/","og_site_name":"H\u00fasam\u00fas","article_publisher":"https:\/\/www.facebook.com\/profile.php?id=61565837276284","article_modified_time":"2024-09-02T13:00:54+00:00","og_image":[{"width":3600,"height":1884,"url":"https:\/\/husamus.is\/wp-content\/uploads\/2024\/09\/husamus-banner.png","type":"image\/png"}],"twitter_card":"summary_large_image","schema":{"@context":"https:\/\/schema.org","@graph":[{"@type":"WebPage","@id":"https:\/\/husamus.is\/post-an-ad\/","url":"https:\/\/husamus.is\/post-an-ad\/","name":"N\u00fdr moli - H\u00fasam\u00fas","isPartOf":{"@id":"https:\/\/husamus.is\/#website"},"datePublished":"2018-07-06T09:38:50+00:00","dateModified":"2024-09-02T13:00:54+00:00","breadcrumb":{"@id":"https:\/\/husamus.is\/post-an-ad\/#breadcrumb"},"inLanguage":"en-US","potentialAction":[{"@type":"ReadAction","target":["https:\/\/husamus.is\/post-an-ad\/"]}]},{"@type":"BreadcrumbList","@id":"https:\/\/husamus.is\/post-an-ad\/#breadcrumb","itemListElement":[{"@type":"ListItem","position":1,"name":"Home","item":"https:\/\/husamus.is\/"},{"@type":"ListItem","position":2,"name":"N\u00fdr moli"}]},{"@type":"WebSite","@id":"https:\/\/husamus.is\/#website","url":"https:\/\/husamus.is\/","name":"H\u00fasam\u00fas","description":"Allt \u00e1 einum sta\u00f0","publisher":{"@id":"https:\/\/husamus.is\/#organization"},"potentialAction":[{"@type":"SearchAction","target":{"@type":"EntryPoint","urlTemplate":"https:\/\/husamus.is\/?s={search_term_string}"},"query-input":{"@type":"PropertyValueSpecification","valueRequired":true,"valueName":"search_term_string"}}],"inLanguage":"en-US"},{"@type":"Organization","@id":"https:\/\/husamus.is\/#organization","name":"H\u00fasam\u00fas","url":"https:\/\/husamus.is\/","logo":{"@type":"ImageObject","inLanguage":"en-US","@id":"https:\/\/husamus.is\/#\/schema\/logo\/image\/","url":"https:\/\/husamus.is\/wp-content\/uploads\/2024\/09\/husamus_red_icon.png","contentUrl":"https:\/\/husamus.is\/wp-content\/uploads\/2024\/09\/husamus_red_icon.png","width":1188,"height":1188,"caption":"H\u00fasam\u00fas"},"image":{"@id":"https:\/\/husamus.is\/#\/schema\/logo\/image\/"},"sameAs":["https:\/\/www.facebook.com\/profile.php?id=61565837276284"]}]}},"_links":{"self":[{"href":"https:\/\/husamus.is\/en\/wp-json\/wp\/v2\/pages\/6","targetHints":{"allow":["GET"]}}],"collection":[{"href":"https:\/\/husamus.is\/en\/wp-json\/wp\/v2\/pages"}],"about":[{"href":"https:\/\/husamus.is\/en\/wp-json\/wp\/v2\/types\/page"}],"author":[{"embeddable":true,"href":"https:\/\/husamus.is\/en\/wp-json\/wp\/v2\/users\/1"}],"replies":[{"embeddable":true,"href":"https:\/\/husamus.is\/en\/wp-json\/wp\/v2\/comments?post=6"}],"version-history":[{"count":4,"href":"https:\/\/husamus.is\/en\/wp-json\/wp\/v2\/pages\/6\/revisions"}],"predecessor-version":[{"id":3152,"href":"https:\/\/husamus.is\/en\/wp-json\/wp\/v2\/pages\/6\/revisions\/3152"}],"wp:attachment":[{"href":"https:\/\/husamus.is\/en\/wp-json\/wp\/v2\/media?parent=6"}],"curies":[{"name":"wp","href":"https:\/\/api.w.org\/{rel}","templated":true}]}}